{"id":203,"date":"2024-09-23T09:33:20","date_gmt":"2024-09-23T07:33:20","guid":{"rendered":"https:\/\/cmyc.w.uib.no\/?page_id=203"},"modified":"2025-11-14T13:58:16","modified_gmt":"2025-11-14T12:58:16","slug":"scientific-advisory-board","status":"publish","type":"page","link":"https:\/\/cmyc.w.uib.no\/nb\/about\/scientific-advisory-board\/","title":{"rendered":"Faglig r\u00e5d"},"content":{"rendered":"<p>Hensikta med eit SAB er \u00e5 gje r\u00e5d kring forskingsstrategi og forskingssleiing.<\/p>\n<p>R\u00e5det skal f\u00f8lgje fremdrift, evaluere og gje r\u00e5d om kva satsingar som vert prioritert.<\/p>\n<p>&nbsp;<\/p>\n\t\t\t\t<img loading=\"lazy\" decoding=\"async\" src=\"https:\/\/cmyc.w.uib.no\/files\/2025\/02\/C-MYC-40.jpg\" alt=\"C-MYC 40\" height=\"2357\" width=\"2079\" title=\"C-MYC 40\">\n\t<p><strong>Prof. Dr. med. Konstanze D\u00f6hner<\/strong><\/p>\nDepartment of Internal Medicine III<br>\nUniversity Hospital of Ulm<br>\nGermany\n<p><a href=\"https:\/\/www.uniklinik-ulm.de\/innere-medizin-iii\/forschung\/molecular-genetics-of-myeloid-leukemia.html\">Website<\/a><\/p>\n\t\t\t\t<img loading=\"lazy\" decoding=\"async\" src=\"https:\/\/cmyc.w.uib.no\/files\/2025\/02\/C-MYC-38-scaled.jpg\" alt=\"C-MYC 38\" height=\"1858\" width=\"2560\" title=\"C-MYC 38\">\n\t<p><strong>Prof. Dr. med. Kirsten Gr\u00f6nbek<\/strong><\/p>\nInternal Medicine: Hematology<br>\nDepartment of Clinical Medicine<br>\nUniversity of Copenhagen<br>\nGermany\n<p><a href=\"https:\/\/researchprofiles.ku.dk\/en\/persons\/kirsten-gr%C3%B8nb%C3%A6k\">Website<\/a><\/p>\n\t\t\t\t<img loading=\"lazy\" decoding=\"async\" src=\"https:\/\/cmyc.w.uib.no\/files\/2025\/02\/Prof.-Pedro-Herrera.jpg\" alt=\"Prof. Pedro Herrera\" height=\"320\" width=\"400\" title=\"Prof. Pedro Herrera\">\n\t<p><strong>Prof. Pedro HERRERA<\/strong><\/p>\nDepartment of Genetic Medicine and Development<br>\nUniversity of Geneva<br>\nSwitzerland\n<p><a href=\"https:\/\/www.unige.ch\/medecine\/gede\/en\/research-groups\/522herrera\">Website<\/a><\/p>\n<p>&nbsp;<\/p>\n\n\n\n<p><\/p>","protected":false},"excerpt":{"rendered":"<p>Hensikta med eit SAB er \u00e5 gje r\u00e5d kring forskingsstrategi og forskingssleiing. R\u00e5det skal f\u00f8lgje fremdrift, evaluere og gje r\u00e5d om kva satsingar som vert prioritert. &nbsp; Prof. Dr. med. <a class=\"read-more\" href=\"https:\/\/cmyc.w.uib.no\/nb\/about\/scientific-advisory-board\/\">LES MER<\/a><\/p>","protected":false},"author":5381,"featured_media":0,"parent":189,"menu_order":0,"comment_status":"closed","ping_status":"closed","template":"","meta":{"ngg_post_thumbnail":0,"_EventAllDay":false,"_EventTimezone":"","_EventStartDate":"","_EventEndDate":"","_EventStartDateUTC":"","_EventEndDateUTC":"","_EventShowMap":false,"_EventShowMapLink":false,"_EventURL":"","_EventCost":"","_EventCostDescription":"","_EventCurrencySymbol":"","_EventCurrencyCode":"","_EventCurrencyPosition":"","_EventDateTimeSeparator":"","_EventTimeRangeSeparator":"","_EventOrganizerID":[],"_EventVenueID":[],"_OrganizerEmail":"","_OrganizerPhone":"","_OrganizerWebsite":"","_VenueAddress":"","_VenueCity":"","_VenueCountry":"","_VenueProvince":"","_VenueState":"","_VenueZip":"","_VenuePhone":"","_VenueURL":"","_VenueStateProvince":"","_VenueLat":"","_VenueLng":"","_VenueShowMap":false,"_VenueShowMapLink":false,"footnotes":""},"class_list":["post-203","page","type-page","status-publish","hentry"],"_links":{"self":[{"href":"https:\/\/cmyc.w.uib.no\/nb\/wp-json\/wp\/v2\/pages\/203","targetHints":{"allow":["GET"]}}],"collection":[{"href":"https:\/\/cmyc.w.uib.no\/nb\/wp-json\/wp\/v2\/pages"}],"about":[{"href":"https:\/\/cmyc.w.uib.no\/nb\/wp-json\/wp\/v2\/types\/page"}],"author":[{"embeddable":true,"href":"https:\/\/cmyc.w.uib.no\/nb\/wp-json\/wp\/v2\/users\/5381"}],"replies":[{"embeddable":true,"href":"https:\/\/cmyc.w.uib.no\/nb\/wp-json\/wp\/v2\/comments?post=203"}],"version-history":[{"count":7,"href":"https:\/\/cmyc.w.uib.no\/nb\/wp-json\/wp\/v2\/pages\/203\/revisions"}],"predecessor-version":[{"id":1061,"href":"https:\/\/cmyc.w.uib.no\/nb\/wp-json\/wp\/v2\/pages\/203\/revisions\/1061"}],"up":[{"embeddable":true,"href":"https:\/\/cmyc.w.uib.no\/nb\/wp-json\/wp\/v2\/pages\/189"}],"wp:attachment":[{"href":"https:\/\/cmyc.w.uib.no\/nb\/wp-json\/wp\/v2\/media?parent=203"}],"curies":[{"name":"wp","href":"https:\/\/api.w.org\/{rel}","templated":true}]}}